{"id":11,"date":"2016-11-16T14:44:24","date_gmt":"2016-11-16T13:44:24","guid":{"rendered":"http:\/\/watsonlowsan.bplaced.net\/?page_id=11"},"modified":"2026-02-05T11:10:59","modified_gmt":"2026-02-05T10:10:59","slug":"vita","status":"publish","type":"page","link":"https:\/\/sebastianharwardt.de\/?page_id=11","title":{"rendered":"Vita"},"content":{"rendered":"<h4><span style=\"font-size: 10pt; font-family: arial black, sans-serif;\"><span class=\"fontstyle0\">2003 \u2013 2007 Studium der Philosophie, Geschichte und Kunstgeschichte, TU Berlin<br \/>\n2009 \u2013 2015 Studium der Malerei und Grafik, Burg Giebichenstein Kunsthochschule Halle bei Prof. Thomas Rug<br \/>\n2011 Studienreise nach Damaskus, Syrien<\/span><span class=\"fontstyle2\"><br \/>\n<\/span><span class=\"fontstyle0\">2015 Diplom Bildende Kunst<span class=\"fontstyle2\"><br \/>\n<\/span>2019 Geburt des ersten Sohnes<span class=\"fontstyle2\"><br \/>\n<\/span>2023 Geburt des zweiten Sohnes<br \/>\n<\/span><\/span><\/h4>\n<h4><span style=\"font-size: 10pt; font-family: arial black, sans-serif;\"><span class=\"fontstyle0\"><span class=\"fontstyle2\">\u00a0<\/span><\/span><\/span><\/h4>\n<p><span class=\"fontstyle0\" style=\"font-size: 10pt; font-family: arial black, sans-serif;\">Einzelausstellungen (Auswahl)<br \/>\n<\/span><\/p>\n<p><span class=\"fontstyle0\" style=\"font-size: 10pt; font-family: arial black, sans-serif;\"><span class=\"fontstyle0\">2025 <em>low fake<\/em>, Zentralbibliothek, Halle<\/span><\/span><span class=\"fontstyle0\" style=\"font-size: 10pt; font-family: arial black, sans-serif;\"><br \/>\n2023 <em>Der D\u00f6rfer Welt<\/em>, Volksbank, Stendal<br \/>\n2022 <em>Farbholzschnitte<\/em>, Kalkwerk, Halle<br \/>\n2022 <em>Potemkinsche D\u00f6rfer<\/em>, Am Steintor \/ Installation im \u00d6ffentlichen Raum, Halle<br \/>\n2021 <em>Potemkin und andere<\/em>, Rosenburg, Halle<br \/>\n2020 <em>Malerei &amp; Grafik<\/em>, Goldstudio 60, Halle<br \/>\n2019 <em>Malerei und Farbholzschnitt<\/em>, Salzkirche, Tangerm\u00fcnde<br \/>\n2017 <em>Ansichten<\/em>, Oper, Halle<br \/>\n2017 <em>Stadt Land Fluss<\/em>, KunstKabinett, Volksbank Stendal<br \/>\n2017 <em>Auf den zweiten Blick,<\/em> AK Siptroth, Tangerm\u00fcnde<\/span><\/p>\n<p><span class=\"fontstyle0\" style=\"font-size: 10pt; font-family: arial black, sans-serif;\">Gruppenausstellungen (Auswahl)<br \/>\n<\/span><\/p>\n<p><span class=\"fontstyle0\" style=\"font-size: 10pt; font-family: arial black, sans-serif;\"><span class=\"fontstyle0\">2025 <em><span class=\"fontstyle2\">Finale<\/span><\/em>, KFZ \u2013 Kunstraum Halle e.V.<br \/>\n2025 <span class=\"fontstyle2\"><em>AREALE<\/em> <\/span>\u2013 Duoausstellung mit Elisa Sophia Herrmann \u2013 Kleine Galerie Neukladow, Berlin<br \/>\n2025 <span class=\"fontstyle2\">ALWAYS CHANGE A RUNNING SYSTEM<\/span>, Mitgliederausstellung, Blech \u2013 Raum f\u00fcr Kunst Halle e.V<br \/>\n<\/span><span class=\"fontstyle0\">2024 <em>The End<\/em>, KFZ Kunstraum Halle e.V.<br \/>\n2024 <em>AREALE<\/em> &#8211; Duoausstellung mit Elisa Sophia Herrmann &#8211; Altm\u00e4rkisches Museum, Stendal<br \/>\n2024 <em>Wir sind Kunst. 20 Jahre Kunststiftung Sachsen-Anhalt. 150 K\u00fcnstlerportraits<\/em>. Kunststiftung Sachsen-Anhalt, Halle<br \/>\n<\/span><\/span><span class=\"fontstyle0\" style=\"font-size: 10pt; font-family: arial black, sans-serif;\"><span class=\"fontstyle0\">2024 Teilnahme am \u00bb<em>Mappenprojekt \u2013 Zeitgleich\u2013Zeitzeichen<\/em>\u00ab \u2013 Ein Ausstellungsprojekt vom Bundes-BBK, Gemeinsame Ausstellung mit dem K\u00fcnstlerbund Dresden e.v. im Anhaltischen Kunstverein e.V, Dessau und im K\u00fcnstlerbund Dresden, weitere Ausstellungen 2025 im K\u00fcnstlerhaus 188 e.V., Halle und in der Brandsanierung e.V., Wei\u00dfenfels<br \/>\n2024 <em>Madonnen<\/em>, Galerie Paul Scherzer, Halle<br \/>\n<\/span>2024 <em>XX. Internationale Grafik-Triennale<\/em>, Stadtsaal, Frechen<br \/>\n2023 <span class=\"fontstyle0\"><em>70 Jahre XYLON<\/em>, Kunstmuseum Spendhaus, Reutlingen<\/span><br \/>\n2023 <span class=\"fontstyle0\"><em>Zeit zu Drucken 3<\/em> &#8211; mit Stefanie Hofer, Nana Seeber &amp; Ramona Taterra, Museum f\u00fcr Druckkunst, Leipzig<\/span><br \/>\n2023 <em>RVB<\/em>, Mus\u00e9e de l&#8217;Imprimerie et de la Communication graphique, Lyon<br \/>\n2023 <span class=\"fontstyle0\"><em>Palmen aus Plastik. Sommer, Sonne, Soziale Ungleichheit<\/em>, Galerie Waidspeicher, Erfurt<\/span><br \/>\n2023 <span class=\"fontstyle0\"><em>Tapeten und andere Ablenkungsman\u00f6ver<\/em> &#8211; mit Cornelia Buchheim, Martin Feistauer, Jonas Lundius\u00a0 Katja Neubert, Blech e. V., Halle<\/span><br \/>\n2022 <em>shells and structures<\/em> &#8211; mit Oliver Bekiersz, Simon Horn &amp; Stephan Schieritz, in der Alten Handelsschule, Leipzig<br \/>\n2022 <em>Tatmotiv Leidenschaft<\/em>, K\u00fcnstlerhaus 188, Halle<br \/>\n2022 <em>Perspektive<\/em> &#8211; mit Stephan Schieritz &#8211; Raum f\u00fcr Grafik, Halle<br \/>\n2022 <em>Diktionen und Substrate<\/em>, K\u00fcnstlerhaus Karlsruhe BBK<br \/>\n<span style=\"font-size: 10pt; font-family: arial black, sans-serif;\"><span class=\"fontstyle0\">2021 <em>XIX. Internationale Grafik-Triennale<\/em>, Kunstverein Frechen<br \/>\n2020 <em>Internationaler Lucas-Cranach-Preis<\/em>, Festung Rosenberg, Kronach<br \/>\n<\/span><\/span>2020 <em>Paradox<\/em>, Orangerie, Dessau<span style=\"font-size: 10pt; font-family: arial black, sans-serif;\"><span class=\"fontstyle0\"><br \/>\n2020 <em>13. Heise Kunstpreis<\/em>, Dessau<br \/>\n2020 <em>11. Nordh\u00e4user Grafikpreis<\/em>, Kunsthaus Meyenburg, Nordhausen<\/span><\/span><br \/>\n2019 <em>OS 100<\/em> &#8211; mit Oliver Bekiersz &#8211; Schloss Saalfeld<br \/>\n2019 <em>Die Zukunft ist das neue Ding<\/em> &#8211; Grafikklasse Thomas Rug, Kunststiftung Sachsen-Anhalt, Halle<br \/>\n2019 <em>Profile<\/em>, Blech e. V., Halle<br \/>\n<span style=\"font-size: 10pt; font-family: arial black, sans-serif;\"><span class=\"fontstyle0\">2019 <em>Leipziger Grafikb\u00f6rse<\/em>, Stand auf der Leipziger Buchmesse<\/span><\/span><br \/>\n2019 <em>field trips<\/em> &#8211; Stipendiaten der Kunststiftung Sachsen-Anhalt, Halle<br \/>\n<span style=\"font-size: 10pt; font-family: arial black, sans-serif;\"><span class=\"fontstyle0\">2018 <em>DREIM<\/em> &#8211; mit Elisa Sophia Herrmann &amp; Simon Horn<\/span><\/span><br \/>\n2018 <em>Generell frisch<\/em> &#8211;\u00a0 BBK-Mitglieder im Kulturhistorisches Museum, Schloss Merseburg<br \/>\n2018 <em>Druckgraphik V<\/em>, Hallescher Kunstverein<\/span><\/p>\n<p><span class=\"fontstyle0\" style=\"font-size: 10pt; font-family: arial black, sans-serif;\">Preise \/ Nominierungen \/ Stipendien \/ Symposien<br \/>\n<\/span><\/p>\n<p><span style=\"font-size: 10pt; font-family: arial black, sans-serif;\"><span class=\"fontstyle0\">2025 Ankauf des Landes Sachsen-Anhalt<br \/>\n2024 Experimentelle Druckgrafik, BBK-Symposium, Kloster Posa, Zeitz<br \/>\n2024 Ehrenvolle Erw\u00e4hnung, 20. Internationale Grafik-Triennale, Frechen<br \/>\n2023 Arbeitsstipendium der Kunststiftung Sachsen-Anhalt und des Klosters Bergesche Stiftung<br \/>\n2023 Kultur ans Netz \u2013 Arbeitsstipendium des Landes Sachsen-Anhalt<br \/>\n2022 Artist in Residence im Museum f\u00fcr Druckkunst, Leipzig, Stipendium der Giesecke+Devrient Stiftung<br \/>\n<\/span><span class=\"fontstyle0\">2022 Artist in Residence der H. und H. Kaschade-Stiftung, Stendal<\/span><span class=\"fontstyle0\"><br \/>\n2021 Neustarthilfe Plus \u2013 F\u00f6rderprogramm des Landes Sachsen-Anhalt<br \/>\n2021 Kultur ans Netz \u2013 Arbeitsstipendium des Landes Sachsen-Anhalt<br \/>\n2020 Corona-Soforthilfe des Bundes<br \/>\n2019 kinder-leicht-Stipendium der Kunststiftung, Sachsen-Anhalt<br \/>\n2018 Arbeitsstipendium der Kunststiftung Sachsen-Anhalt und des Klosters Bergesche Stiftung<\/span><span class=\"fontstyle0\"><br \/>\n<\/span><span class=\"fontstyle0\">2012 Jugend kulturell Bildende Kunst, HypoVereinsbank, Halle<\/span><span class=\"fontstyle0\"><br \/>\n2011 Krise, OstdeutscherSparkassenVerband, Berlin<br \/>\n2007 B\u00fcrgermedienpreis, Halle<\/span><\/span><\/p>\n<table class=\"NormalTable\">\n<tbody>\n<tr>\n<td width=\"550\"><\/td>\n<\/tr>\n<\/tbody>\n<\/table>\n<table class=\"NormalTable\" style=\"height: 5px;\" width=\"699\">\n<tbody>\n<tr>\n<td style=\"width: 190.183px;\">\n<h4><span style=\"font-size: 10pt; font-family: arial black, sans-serif;\">\u00a0<\/span><\/h4>\n<\/td>\n<td style=\"width: 1116.82px;\">\n<h4><span style=\"font-size: 10pt; font-family: arial black, sans-serif;\">\u00a0<\/span><\/h4>\n<\/td>\n<\/tr>\n<\/tbody>\n<\/table>\n<table class=\"NormalTable\">\n<tbody>\n<tr>\n<td width=\"40\">\n<h4><span style=\"font-size: 10pt;\">\u00a0<\/span><\/h4>\n<\/td>\n<td width=\"255\">\n<h4><span style=\"font-size: 10pt;\">\u00a0<\/span><\/h4>\n<\/td>\n<\/tr>\n<\/tbody>\n<\/table>\n<table class=\"NormalTable\">\n<tbody>\n<tr>\n<td width=\"40\"><\/td>\n<td width=\"283\"><\/td>\n<\/tr>\n<\/tbody>\n<\/table>\n","protected":false},"excerpt":{"rendered":"<p>2003 \u2013 2007 Studium der Philosophie, Geschichte und Kunstgeschichte, TU Berlin 2009 \u2013 2015 Studium der Malerei und Grafik, Burg Giebichenstein Kunsthochschule Halle bei Prof. Thomas Rug 2011 Studienreise nach Damaskus, Syrien 2015 Diplom Bildende Kunst 2019 Geburt des ersten Sohnes 2023 Geburt des zweiten Sohnes \u00a0 Einzelausstellungen (Auswahl) 2025 low fake, Zentralbibliothek, Halle 2023&hellip;<\/p>\n","protected":false},"author":1,"featured_media":0,"parent":0,"menu_order":0,"comment_status":"closed","ping_status":"closed","template":"","meta":[],"_links":{"self":[{"href":"https:\/\/sebastianharwardt.de\/index.php?rest_route=\/wp\/v2\/pages\/11"}],"collection":[{"href":"https:\/\/sebastianharwardt.de\/index.php?rest_route=\/wp\/v2\/pages"}],"about":[{"href":"https:\/\/sebastianharwardt.de\/index.php?rest_route=\/wp\/v2\/types\/page"}],"author":[{"embeddable":true,"href":"https:\/\/sebastianharwardt.de\/index.php?rest_route=\/wp\/v2\/users\/1"}],"replies":[{"embeddable":true,"href":"https:\/\/sebastianharwardt.de\/index.php?rest_route=%2Fwp%2Fv2%2Fcomments&post=11"}],"version-history":[{"count":62,"href":"https:\/\/sebastianharwardt.de\/index.php?rest_route=\/wp\/v2\/pages\/11\/revisions"}],"predecessor-version":[{"id":3447,"href":"https:\/\/sebastianharwardt.de\/index.php?rest_route=\/wp\/v2\/pages\/11\/revisions\/3447"}],"wp:attachment":[{"href":"https:\/\/sebastianharwardt.de\/index.php?rest_route=%2Fwp%2Fv2%2Fmedia&parent=11"}],"curies":[{"name":"wp","href":"https:\/\/api.w.org\/{rel}","templated":true}]}}